{"id":56,"date":"2017-12-12T10:55:12","date_gmt":"2017-12-12T14:55:12","guid":{"rendered":"http:\/\/ayuntamiento.guineo\/transparencia\/?page_id=56"},"modified":"2024-05-07T13:06:51","modified_gmt":"2024-05-07T17:06:51","slug":"derechos-de-los-ciudadanos","status":"publish","type":"page","link":"https:\/\/gobernacionsanjuan.gob.do\/transparencia\/derechos-de-los-ciudadanos\/","title":{"rendered":"Derechos de los Ciudadanos"},"content":{"rendered":"<p><strong>Solicitar:<\/strong><\/p>\n<p>Informaci\u00f3n de cualquier \u00f3rgano del Estado Dominicano y de todas las sociedades an\u00f3nimas, compa\u00f1\u00edas an\u00f3nimas o compa\u00f1\u00edas por acciones con participaci\u00f3n estatal.<\/p>\n<p><strong>Recibir:<\/strong><\/p>\n<p>Informaci\u00f3n completa, veraz, adecuada y oportuna de cualquier \u00f3rgano del Estado Dominicano y de todas las sociedades an\u00f3nimas, compa\u00f1\u00edas an\u00f3nimas o compa\u00f1\u00edas por acciones con participaci\u00f3n estatal.<\/p>\n<p><strong>Acceso:<\/strong><\/p>\n<p>Gratuito a la informaci\u00f3n en tanto que no requiera reproducci\u00f3n de la misma.<\/p>\n<p>Solicitar, recibir y difundir informaciones pertenecientes a la administraci\u00f3n del Estado.<\/p>\n<p><strong>Conocer:<\/strong><\/p>\n<p>Los proyectos de reglamentos y otras disposiciones de car\u00e1cter general que rigen las relaciones entre los particulares y la administraci\u00f3n.<\/p>\n<p><strong>Opinar:<\/strong><\/p>\n<p>Sobre los proyectos de reglamentos y otras disposiciones de car\u00e1cter general que rigen las relaciones entre los particulares y la administraci\u00f3n.<\/p>\n<p><strong>Obtener:<\/strong><\/p>\n<p>Informaci\u00f3n sobre los servicios que ofrece el Estado y sus tarifas.<\/p>\n<p><strong>Saber:<\/strong><\/p>\n<p>La estructura, integrantes, normativas de funcionamiento, proyectos, informes de gesti\u00f3n, y bases de datos de la administraci\u00f3n p\u00fablica.<\/p>\n<p><strong>Conocer:<\/strong><\/p>\n<p>Sobre los presupuestos y c\u00e1lculos de recursos y gastos aprobados, su evoluci\u00f3n y estado de ejecuci\u00f3n.<\/p>\n<p><strong>Tener:<\/strong><\/p>\n<p>Informaci\u00f3n sobre los programas y proyectos, sus presupuestos, plazos, ejecuci\u00f3n y supervisi\u00f3n.<\/p>\n<p><strong>Estar al tanto:<\/strong><\/p>\n<p>Sobre las licitaciones, concursos, compras, gastos y resultados.<\/p>\n<p><strong>Acceder:<\/strong><\/p>\n<p>A la n\u00f3mina del Estado y sus remuneraciones.<\/p>\n<p><strong>Conocer:<\/strong><\/p>\n<p>La declaraci\u00f3n jurada patrimonial de los funcionarios del Estado cuando su presentaci\u00f3n corresponda por ley.<\/p>\n<p><strong>Recibir:<\/strong><\/p>\n<p>Informaci\u00f3n sobre el listado de beneficiarios de programas asistenciales, subsidios, becas, jubilaciones, pensiones y retiros.<\/p>\n<p><strong>Saber:<\/strong><\/p>\n<p>Sobre el estado de cuentas de la deuda p\u00fablica, sus vencimientos y pagos.<\/p>\n<p><strong>Buscar:<\/strong><\/p>\n<p>Las leyes, decretos, resoluciones, disposiciones, marcos regulatorios y cualquier tipo de normativa.<\/p>\n<p><strong>Solicitar y recibir:<\/strong><\/p>\n<p>Oportunamente cualquier tipo de documentaci\u00f3n financiera relativa al presupuesto p\u00fablico<\/p>\n<p>En cumplimiento a la Ley 200-04 y el Decreto 130-05, el acceso a la informaci\u00f3n se har\u00e1 efectivo siempre y cuando no afecte la seguridad nacional, el orden p\u00fablico, la salud o la moral p\u00fablica o el derecho a la privacidad e intimidad de un tercero o el derecho a la reputaci\u00f3n de los dem\u00e1s.<\/p>\n","protected":false},"excerpt":{"rendered":"Solicitar: Informaci\u00f3n de cualquier \u00f3rgano del Estado Dominicano y de todas las sociedades an\u00f3nimas, compa\u00f1\u00edas an\u00f3nimas o compa\u00f1\u00edas por acciones con participaci\u00f3n estatal. Recibir: Informaci\u00f3n completa, veraz, adecuada y oportuna de cualquier \u00f3rgano del Estado Dominicano y de todas las sociedades an\u00f3nimas, compa\u00f1\u00edas an\u00f3nimas o compa\u00f1\u00edas por acciones con participaci\u00f3n estatal. Acceso: Gratuito a la&#8230;","protected":false},"author":5,"featured_media":0,"parent":0,"menu_order":0,"comment_status":"closed","ping_status":"closed","template":"","meta":{"footnotes":""},"acf":[],"_links":{"self":[{"href":"https:\/\/gobernacionsanjuan.gob.do\/transparencia\/wp-json\/wp\/v2\/pages\/56"}],"collection":[{"href":"https:\/\/gobernacionsanjuan.gob.do\/transparencia\/wp-json\/wp\/v2\/pages"}],"about":[{"href":"https:\/\/gobernacionsanjuan.gob.do\/transparencia\/wp-json\/wp\/v2\/types\/page"}],"author":[{"embeddable":true,"href":"https:\/\/gobernacionsanjuan.gob.do\/transparencia\/wp-json\/wp\/v2\/users\/5"}],"replies":[{"embeddable":true,"href":"https:\/\/gobernacionsanjuan.gob.do\/transparencia\/wp-json\/wp\/v2\/comments?post=56"}],"version-history":[{"count":2,"href":"https:\/\/gobernacionsanjuan.gob.do\/transparencia\/wp-json\/wp\/v2\/pages\/56\/revisions"}],"predecessor-version":[{"id":604,"href":"https:\/\/gobernacionsanjuan.gob.do\/transparencia\/wp-json\/wp\/v2\/pages\/56\/revisions\/604"}],"wp:attachment":[{"href":"https:\/\/gobernacionsanjuan.gob.do\/transparencia\/wp-json\/wp\/v2\/media?parent=56"}],"curies":[{"name":"wp","href":"https:\/\/api.w.org\/{rel}","templated":true}]}}